{"id":4033,"date":"2023-01-25T13:42:37","date_gmt":"2023-01-25T12:42:37","guid":{"rendered":"https:\/\/monitoring.patlevic.sk\/?page_id=4033"},"modified":"2023-02-19T20:38:22","modified_gmt":"2023-02-19T19:38:22","slug":"partneri","status":"publish","type":"page","link":"https:\/\/monitoring.patlevic.sk\/?page_id=4033","title":{"rendered":"Partneri"},"content":{"rendered":"<div class=\"fusion-fullwidth fullwidth-box fusion-builder-row-1 fusion-flex-container has-pattern-background has-mask-background nonhundred-percent-fullwidth non-hundred-percent-height-scrolling\" style=\"background-color: rgba(255,255,255,0);background-position: center center;background-repeat: no-repeat;border-width: 0px 0px 0px 0px;border-color:#e2e2e2;border-style:solid;\" ><div class=\"fusion-builder-row fusion-row fusion-flex-align-items-stretch\" style=\"max-width:1248px;margin-left: calc(-4% \/ 2 );margin-right: calc(-4% \/ 2 );\"><div class=\"fusion-layout-column fusion_builder_column fusion-builder-column-0 fusion_builder_column_1_3 1_3 fusion-flex-column fusion-column-inner-bg-wrapper fusion-column-liftup-border\"><div class=\"fusion-column-wrapper fusion-flex-justify-content-flex-start fusion-content-layout-column\" style=\"padding: 0px 0px 0px 0px;\"><div class=\"fusion-text fusion-text-1\"><h3 class=\"m-0\" style=\"text-align: center;\">\u010casopis k\u00f8d<\/h3>\n<p style=\"text-align: center;\">Konkr\u00e9tne o divadle<\/p>\n<p><a href=\"https:\/\/www.theatre.sk\/projekty\/casopis-kod\/aktualne-cislo\" target=\"_blank\" rel=\"noopener\"><img decoding=\"async\" class=\"lazyload aligncenter wp-image-4321 size-fusion-200\" src=\"https:\/\/monitoring.patlevic.sk\/wp-content\/uploads\/2023\/01\/kod2012_konkretne-v-divadle-200x201.png\" data-orig-src=\"https:\/\/monitoring.patlevic.sk\/wp-content\/uploads\/2023\/01\/kod2012_konkretne-v-divadle-200x201.png\" alt=\"\" width=\"200\" height=\"201\" srcset=\"data:image\/svg+xml,%3Csvg%20xmlns%3D%27http%3A%2F%2Fwww.w3.org%2F2000%2Fsvg%27%20width%3D%27200%27%20height%3D%27201%27%20viewBox%3D%270%200%20200%20201%27%3E%3Crect%20width%3D%27200%27%20height%3D%27201%27%20fill-opacity%3D%220%22%2F%3E%3C%2Fsvg%3E\" data-srcset=\"https:\/\/monitoring.patlevic.sk\/wp-content\/uploads\/2023\/01\/kod2012_konkretne-v-divadle-66x66.png 66w, https:\/\/monitoring.patlevic.sk\/wp-content\/uploads\/2023\/01\/kod2012_konkretne-v-divadle-150x150.png 150w, https:\/\/monitoring.patlevic.sk\/wp-content\/uploads\/2023\/01\/kod2012_konkretne-v-divadle-200x201.png 200w, https:\/\/monitoring.patlevic.sk\/wp-content\/uploads\/2023\/01\/kod2012_konkretne-v-divadle-300x300.png 300w, https:\/\/monitoring.patlevic.sk\/wp-content\/uploads\/2023\/01\/kod2012_konkretne-v-divadle.png 400w\" data-sizes=\"auto\" data-orig-sizes=\"(max-width: 200px) 100vw, 200px\" \/><\/a><\/p>\n<\/div><\/div><span class=\"fusion-column-inner-bg hover-type-liftup\"><a class=\"fusion-column-anchor\" href=\"https:\/\/www.theatre.sk\/projekty\/casopis-kod\/aktualne-cislo\" rel=\"noopener noreferrer\" target=\"_blank\"><span class=\"fusion-column-inner-bg-image\" style=\"background-position:left top;background-repeat:no-repeat;-webkit-background-size:cover;-moz-background-size:cover;-o-background-size:cover;background-size:cover;\"><\/span><\/a><\/span><style type=\"text\/css\">.fusion-body .fusion-builder-column-0{width:33.3333333333% !important;margin-top : 0px;margin-bottom : 20px;}.fusion-builder-column-0 > .fusion-column-wrapper {padding-top : 0px !important;padding-right : 0px !important;margin-right : 5.76%;padding-bottom : 0px !important;padding-left : 0px !important;margin-left : 5.76%;}.fusion-flex-container .fusion-row .fusion-builder-column-0 > .fusion-column-inner-bg { margin-right:5.76%;margin-left:5.76%; }@media only screen and (max-width:1024px) {.fusion-body .fusion-builder-column-0{width:33.3333333333% !important;order : 0;}.fusion-builder-column-0 > .fusion-column-wrapper {margin-right : 5.76%;margin-left : 5.76%;}.fusion-flex-container .fusion-row .fusion-builder-column-0 > .fusion-column-inner-bg { margin-right:5.76%;margin-left:5.76%; }}@media only screen and (max-width:640px) {.fusion-body .fusion-builder-column-0{width:100% !important;order : 0;}.fusion-builder-column-0 > .fusion-column-wrapper {margin-right : 1.92%;margin-left : 1.92%;}.fusion-flex-container .fusion-row .fusion-builder-column-0 > .fusion-column-inner-bg { margin-right:1.92%;margin-left:1.92%; }}<\/style><\/div><div class=\"fusion-layout-column fusion_builder_column fusion-builder-column-1 fusion_builder_column_1_3 1_3 fusion-flex-column fusion-column-inner-bg-wrapper fusion-column-liftup-border\"><div class=\"fusion-column-wrapper fusion-flex-justify-content-flex-start fusion-content-layout-column\" style=\"padding: 0px 0px 0px 0px;\"><div class=\"fusion-text fusion-text-2\"><h3 class=\"m-0\" style=\"text-align: center;\">Opera Slovakia<\/h3>\n<p style=\"text-align: center;\">Slovensk\u00fd port\u00e1l o opere, klasickej hudbe a balete<\/p>\n<p><a href=\"http:\/\/operaslovakia.sk\/\" target=\"_blank\" rel=\"noopener\"><img decoding=\"async\" class=\"lazyload aligncenter wp-image-4323 size-fusion-400\" src=\"https:\/\/monitoring.patlevic.sk\/wp-content\/uploads\/2023\/01\/csm_Opera_Slovakia-400x148.jpg\" data-orig-src=\"https:\/\/monitoring.patlevic.sk\/wp-content\/uploads\/2023\/01\/csm_Opera_Slovakia-400x148.jpg\" alt=\"\" width=\"400\" height=\"148\" srcset=\"data:image\/svg+xml,%3Csvg%20xmlns%3D%27http%3A%2F%2Fwww.w3.org%2F2000%2Fsvg%27%20width%3D%27400%27%20height%3D%27148%27%20viewBox%3D%270%200%20400%20148%27%3E%3Crect%20width%3D%27400%27%20height%3D%27148%27%20fill-opacity%3D%220%22%2F%3E%3C%2Fsvg%3E\" data-srcset=\"https:\/\/monitoring.patlevic.sk\/wp-content\/uploads\/2023\/01\/csm_Opera_Slovakia-200x74.jpg 200w, https:\/\/monitoring.patlevic.sk\/wp-content\/uploads\/2023\/01\/csm_Opera_Slovakia-300x111.jpg 300w, https:\/\/monitoring.patlevic.sk\/wp-content\/uploads\/2023\/01\/csm_Opera_Slovakia-400x148.jpg 400w, https:\/\/monitoring.patlevic.sk\/wp-content\/uploads\/2023\/01\/csm_Opera_Slovakia-600x222.jpg 600w, https:\/\/monitoring.patlevic.sk\/wp-content\/uploads\/2023\/01\/csm_Opera_Slovakia-768x284.jpg 768w, https:\/\/monitoring.patlevic.sk\/wp-content\/uploads\/2023\/01\/csm_Opera_Slovakia-800x296.jpg 800w, https:\/\/monitoring.patlevic.sk\/wp-content\/uploads\/2023\/01\/csm_Opera_Slovakia-1024x379.jpg 1024w, https:\/\/monitoring.patlevic.sk\/wp-content\/uploads\/2023\/01\/csm_Opera_Slovakia.jpg 1140w\" data-sizes=\"auto\" data-orig-sizes=\"(max-width: 400px) 100vw, 400px\" \/><\/a><\/p>\n<\/div><\/div><span class=\"fusion-column-inner-bg hover-type-liftup\"><a class=\"fusion-column-anchor\" href=\"http:\/\/operaslovakia.sk\/\" rel=\"noopener noreferrer\" target=\"_blank\"><span class=\"fusion-column-inner-bg-image\" style=\"background-position:left top;background-repeat:no-repeat;-webkit-background-size:cover;-moz-background-size:cover;-o-background-size:cover;background-size:cover;\"><\/span><\/a><\/span><style type=\"text\/css\">.fusion-body .fusion-builder-column-1{width:33.3333333333% !important;margin-top : 0px;margin-bottom : 20px;}.fusion-builder-column-1 > .fusion-column-wrapper {padding-top : 0px !important;padding-right : 0px !important;margin-right : 5.76%;padding-bottom : 0px !important;padding-left : 0px !important;margin-left : 5.76%;}.fusion-flex-container .fusion-row .fusion-builder-column-1 > .fusion-column-inner-bg { margin-right:5.76%;margin-left:5.76%; }@media only screen and (max-width:1024px) {.fusion-body .fusion-builder-column-1{width:33.3333333333% !important;order : 0;}.fusion-builder-column-1 > .fusion-column-wrapper {margin-right : 5.76%;margin-left : 5.76%;}.fusion-flex-container .fusion-row .fusion-builder-column-1 > .fusion-column-inner-bg { margin-right:5.76%;margin-left:5.76%; }}@media only screen and (max-width:640px) {.fusion-body .fusion-builder-column-1{width:100% !important;order : 0;}.fusion-builder-column-1 > .fusion-column-wrapper {margin-right : 1.92%;margin-left : 1.92%;}.fusion-flex-container .fusion-row .fusion-builder-column-1 > .fusion-column-inner-bg { margin-right:1.92%;margin-left:1.92%; }}<\/style><\/div><div class=\"fusion-layout-column fusion_builder_column fusion-builder-column-2 fusion_builder_column_1_3 1_3 fusion-flex-column fusion-column-inner-bg-wrapper fusion-column-liftup-border\"><div class=\"fusion-column-wrapper fusion-flex-justify-content-flex-start fusion-content-layout-column\" style=\"padding: 0px 0px 0px 0px;\"><div class=\"fusion-text fusion-text-3\"><h3 class=\"m-0\" style=\"text-align: center;\">mloki<\/h3>\n<p style=\"text-align: center;\">mlad\u00ed o kult\u00fare inak<\/p>\n<p><a href=\"http:\/\/www.mloki.sk\/\" target=\"_blank\" rel=\"noopener\"><img decoding=\"async\" class=\"lazyload aligncenter wp-image-4324 size-fusion-400\" src=\"https:\/\/monitoring.patlevic.sk\/wp-content\/uploads\/2023\/01\/mloki-banner-400x170.png\" data-orig-src=\"https:\/\/monitoring.patlevic.sk\/wp-content\/uploads\/2023\/01\/mloki-banner-400x170.png\" alt=\"\" width=\"400\" height=\"170\" srcset=\"data:image\/svg+xml,%3Csvg%20xmlns%3D%27http%3A%2F%2Fwww.w3.org%2F2000%2Fsvg%27%20width%3D%27400%27%20height%3D%27170%27%20viewBox%3D%270%200%20400%20170%27%3E%3Crect%20width%3D%27400%27%20height%3D%27170%27%20fill-opacity%3D%220%22%2F%3E%3C%2Fsvg%3E\" data-srcset=\"https:\/\/monitoring.patlevic.sk\/wp-content\/uploads\/2023\/01\/mloki-banner-200x85.png 200w, https:\/\/monitoring.patlevic.sk\/wp-content\/uploads\/2023\/01\/mloki-banner-300x128.png 300w, https:\/\/monitoring.patlevic.sk\/wp-content\/uploads\/2023\/01\/mloki-banner-400x170.png 400w, https:\/\/monitoring.patlevic.sk\/wp-content\/uploads\/2023\/01\/mloki-banner-600x255.png 600w, https:\/\/monitoring.patlevic.sk\/wp-content\/uploads\/2023\/01\/mloki-banner.png 701w\" data-sizes=\"auto\" data-orig-sizes=\"(max-width: 400px) 100vw, 400px\" \/><\/a><\/p>\n<\/div><\/div><span class=\"fusion-column-inner-bg hover-type-liftup\"><a class=\"fusion-column-anchor\" href=\"http:\/\/operaslovakia.sk\/\" rel=\"noopener noreferrer\" target=\"_blank\"><span class=\"fusion-column-inner-bg-image\" style=\"background-position:left top;background-repeat:no-repeat;-webkit-background-size:cover;-moz-background-size:cover;-o-background-size:cover;background-size:cover;\"><\/span><\/a><\/span><style type=\"text\/css\">.fusion-body .fusion-builder-column-2{width:33.3333333333% !important;margin-top : 0px;margin-bottom : 20px;}.fusion-builder-column-2 > .fusion-column-wrapper {padding-top : 0px !important;padding-right : 0px !important;margin-right : 5.76%;padding-bottom : 0px !important;padding-left : 0px !important;margin-left : 5.76%;}.fusion-flex-container .fusion-row .fusion-builder-column-2 > .fusion-column-inner-bg { margin-right:5.76%;margin-left:5.76%; }@media only screen and (max-width:1024px) {.fusion-body .fusion-builder-column-2{width:33.3333333333% !important;order : 0;}.fusion-builder-column-2 > .fusion-column-wrapper {margin-right : 5.76%;margin-left : 5.76%;}.fusion-flex-container .fusion-row .fusion-builder-column-2 > .fusion-column-inner-bg { margin-right:5.76%;margin-left:5.76%; }}@media only screen and (max-width:640px) {.fusion-body .fusion-builder-column-2{width:100% !important;order : 0;}.fusion-builder-column-2 > .fusion-column-wrapper {margin-right : 1.92%;margin-left : 1.92%;}.fusion-flex-container .fusion-row .fusion-builder-column-2 > .fusion-column-inner-bg { margin-right:1.92%;margin-left:1.92%; }}<\/style><\/div><div class=\"fusion-layout-column fusion_builder_column fusion-builder-column-3 fusion_builder_column_1_3 1_3 fusion-flex-column\"><div class=\"fusion-column-wrapper fusion-flex-justify-content-flex-start fusion-content-layout-column\" style=\"background-position:left top;background-repeat:no-repeat;-webkit-background-size:cover;-moz-background-size:cover;-o-background-size:cover;background-size:cover;padding: 0px 0px 0px 0px;\"><\/div><style type=\"text\/css\">.fusion-body .fusion-builder-column-3{width:33.3333333333% !important;margin-top : 0px;margin-bottom : 20px;}.fusion-builder-column-3 > .fusion-column-wrapper {padding-top : 0px !important;padding-right : 0px !important;margin-right : 5.76%;padding-bottom : 0px !important;padding-left : 0px !important;margin-left : 5.76%;}@media only screen and (max-width:1024px) {.fusion-body .fusion-builder-column-3{width:33.3333333333% !important;order : 0;}.fusion-builder-column-3 > .fusion-column-wrapper {margin-right : 5.76%;margin-left : 5.76%;}}@media only screen and (max-width:640px) {.fusion-body .fusion-builder-column-3{width:100% !important;order : 0;}.fusion-builder-column-3 > .fusion-column-wrapper {margin-right : 1.92%;margin-left : 1.92%;}}<\/style><\/div><div class=\"fusion-layout-column fusion_builder_column fusion-builder-column-4 fusion_builder_column_1_3 1_3 fusion-flex-column fusion-column-inner-bg-wrapper fusion-column-liftup-border\"><div class=\"fusion-column-wrapper fusion-flex-justify-content-flex-start fusion-content-layout-column\" style=\"padding: 0px 0px 0px 0px;\"><div class=\"fusion-text fusion-text-4\"><h3 class=\"m-0\" style=\"text-align: center;\">Javisko<\/h3>\n<p style=\"text-align: center;\">\u010dasopis pre amat\u00e9rske divadlo a umeleck\u00fd prednes<\/p>\n<p><a href=\"http:\/\/www.mloki.sk\/\" target=\"_blank\" rel=\"noopener\"><img decoding=\"async\" class=\"lazyload aligncenter wp-image-4325 size-fusion-400\" src=\"https:\/\/monitoring.patlevic.sk\/wp-content\/uploads\/2023\/01\/csm_Javisko_logo-400x89.png\" data-orig-src=\"https:\/\/monitoring.patlevic.sk\/wp-content\/uploads\/2023\/01\/csm_Javisko_logo-400x89.png\" alt=\"\" width=\"400\" height=\"89\" srcset=\"data:image\/svg+xml,%3Csvg%20xmlns%3D%27http%3A%2F%2Fwww.w3.org%2F2000%2Fsvg%27%20width%3D%27400%27%20height%3D%2789%27%20viewBox%3D%270%200%20400%2089%27%3E%3Crect%20width%3D%27400%27%20height%3D%2789%27%20fill-opacity%3D%220%22%2F%3E%3C%2Fsvg%3E\" data-srcset=\"https:\/\/monitoring.patlevic.sk\/wp-content\/uploads\/2023\/01\/csm_Javisko_logo-200x45.png 200w, https:\/\/monitoring.patlevic.sk\/wp-content\/uploads\/2023\/01\/csm_Javisko_logo-300x67.png 300w, https:\/\/monitoring.patlevic.sk\/wp-content\/uploads\/2023\/01\/csm_Javisko_logo-400x89.png 400w, https:\/\/monitoring.patlevic.sk\/wp-content\/uploads\/2023\/01\/csm_Javisko_logo-600x134.png 600w, https:\/\/monitoring.patlevic.sk\/wp-content\/uploads\/2023\/01\/csm_Javisko_logo-768x171.png 768w, https:\/\/monitoring.patlevic.sk\/wp-content\/uploads\/2023\/01\/csm_Javisko_logo-800x178.png 800w, https:\/\/monitoring.patlevic.sk\/wp-content\/uploads\/2023\/01\/csm_Javisko_logo-1024x228.png 1024w, https:\/\/monitoring.patlevic.sk\/wp-content\/uploads\/2023\/01\/csm_Javisko_logo.png 1140w\" data-sizes=\"auto\" data-orig-sizes=\"(max-width: 400px) 100vw, 400px\" \/><\/a><\/p>\n<\/div><\/div><span class=\"fusion-column-inner-bg hover-type-liftup\"><a class=\"fusion-column-anchor\" href=\"http:\/\/operaslovakia.sk\/\" rel=\"noopener noreferrer\" target=\"_blank\"><span class=\"fusion-column-inner-bg-image\" style=\"background-position:left top;background-repeat:no-repeat;-webkit-background-size:cover;-moz-background-size:cover;-o-background-size:cover;background-size:cover;\"><\/span><\/a><\/span><style type=\"text\/css\">.fusion-body .fusion-builder-column-4{width:33.3333333333% !important;margin-top : 0px;margin-bottom : 20px;}.fusion-builder-column-4 > .fusion-column-wrapper {padding-top : 0px !important;padding-right : 0px !important;margin-right : 5.76%;padding-bottom : 0px !important;padding-left : 0px !important;margin-left : 5.76%;}.fusion-flex-container .fusion-row .fusion-builder-column-4 > .fusion-column-inner-bg { margin-right:5.76%;margin-left:5.76%; }@media only screen and (max-width:1024px) {.fusion-body .fusion-builder-column-4{width:33.3333333333% !important;order : 0;}.fusion-builder-column-4 > .fusion-column-wrapper {margin-right : 5.76%;margin-left : 5.76%;}.fusion-flex-container .fusion-row .fusion-builder-column-4 > .fusion-column-inner-bg { margin-right:5.76%;margin-left:5.76%; }}@media only screen and (max-width:640px) {.fusion-body .fusion-builder-column-4{width:100% !important;order : 0;}.fusion-builder-column-4 > .fusion-column-wrapper {margin-right : 1.92%;margin-left : 1.92%;}.fusion-flex-container .fusion-row .fusion-builder-column-4 > .fusion-column-inner-bg { margin-right:1.92%;margin-left:1.92%; }}<\/style><\/div><div class=\"fusion-layout-column fusion_builder_column fusion-builder-column-5 fusion_builder_column_1_3 1_3 fusion-flex-column\"><div class=\"fusion-column-wrapper fusion-flex-justify-content-flex-start fusion-content-layout-column\" style=\"background-position:left top;background-repeat:no-repeat;-webkit-background-size:cover;-moz-background-size:cover;-o-background-size:cover;background-size:cover;padding: 0px 0px 0px 0px;\"><\/div><style type=\"text\/css\">.fusion-body .fusion-builder-column-5{width:33.3333333333% !important;margin-top : 0px;margin-bottom : 20px;}.fusion-builder-column-5 > .fusion-column-wrapper {padding-top : 0px !important;padding-right : 0px !important;margin-right : 5.76%;padding-bottom : 0px !important;padding-left : 0px !important;margin-left : 5.76%;}@media only screen and (max-width:1024px) {.fusion-body .fusion-builder-column-5{width:33.3333333333% !important;order : 0;}.fusion-builder-column-5 > .fusion-column-wrapper {margin-right : 5.76%;margin-left : 5.76%;}}@media only screen and (max-width:640px) {.fusion-body .fusion-builder-column-5{width:100% !important;order : 0;}.fusion-builder-column-5 > .fusion-column-wrapper {margin-right : 1.92%;margin-left : 1.92%;}}<\/style><\/div><\/div><style type=\"text\/css\">.fusion-body .fusion-flex-container.fusion-builder-row-1{ padding-top : 0px;margin-top : 0px;padding-right : 0px;padding-bottom : 0px;margin-bottom : 0px;padding-left : 0px;}<\/style><\/div>\n","protected":false},"excerpt":{"rendered":"","protected":false},"author":1,"featured_media":0,"parent":0,"menu_order":0,"comment_status":"closed","ping_status":"closed","template":"","meta":{"footnotes":"","_links_to":"","_links_to_target":""},"class_list":["post-4033","page","type-page","status-publish","hentry"],"_links":{"self":[{"href":"https:\/\/monitoring.patlevic.sk\/index.php?rest_route=\/wp\/v2\/pages\/4033","targetHints":{"allow":["GET"]}}],"collection":[{"href":"https:\/\/monitoring.patlevic.sk\/index.php?rest_route=\/wp\/v2\/pages"}],"about":[{"href":"https:\/\/monitoring.patlevic.sk\/index.php?rest_route=\/wp\/v2\/types\/page"}],"author":[{"embeddable":true,"href":"https:\/\/monitoring.patlevic.sk\/index.php?rest_route=\/wp\/v2\/users\/1"}],"replies":[{"embeddable":true,"href":"https:\/\/monitoring.patlevic.sk\/index.php?rest_route=%2Fwp%2Fv2%2Fcomments&post=4033"}],"version-history":[{"count":8,"href":"https:\/\/monitoring.patlevic.sk\/index.php?rest_route=\/wp\/v2\/pages\/4033\/revisions"}],"predecessor-version":[{"id":4862,"href":"https:\/\/monitoring.patlevic.sk\/index.php?rest_route=\/wp\/v2\/pages\/4033\/revisions\/4862"}],"wp:attachment":[{"href":"https:\/\/monitoring.patlevic.sk\/index.php?rest_route=%2Fwp%2Fv2%2Fmedia&parent=4033"}],"curies":[{"name":"wp","href":"https:\/\/api.w.org\/{rel}","templated":true}]}}